{"id":833,"date":"2025-11-24T10:23:58","date_gmt":"2025-11-24T09:23:58","guid":{"rendered":"https:\/\/opale.icatmar.cat\/avis-legal\/"},"modified":"2025-11-27T10:14:23","modified_gmt":"2025-11-27T09:14:23","slug":"avis-legal","status":"publish","type":"page","link":"https:\/\/opale.icatmar.cat\/fr\/avis-legal\/","title":{"rendered":"Avis l\u00e9gal"},"content":{"rendered":"<p>[et_pb_section fb_built=\u00a0\u00bb1&Prime; admin_label=\u00a0\u00bbHeader\u00a0\u00bb _builder_version=\u00a0\u00bb4.27.4&Prime; _module_preset=\u00a0\u00bbdefault\u00a0\u00bb background_color=\u00a0\u00bb#eaeaea\u00a0\u00bb background_enable_image=\u00a0\u00bboff\u00a0\u00bb background_last_edited=\u00a0\u00bbon|phone\u00a0\u00bb use_background_color_gradient_phone=\u00a0\u00bbon\u00a0\u00bb background_color_gradient_direction_phone=\u00a0\u00bb154deg\u00a0\u00bb background_color_gradient_stops_phone=\u00a0\u00bb#ffffff 17%|rgba(42,47,49,0) 100%\u00a0\u00bb parallax_phone=\u00a0\u00bboff\u00a0\u00bb border_radii=\u00a0\u00bboff||||150px\u00a0\u00bb border_radii_tablet=\u00a0\u00bboff||||150px\u00a0\u00bb border_radii_phone=\u00a0\u00bboff||||0px\u00a0\u00bb border_radii_last_edited=\u00a0\u00bbon|phone\u00a0\u00bb locked=\u00a0\u00bboff\u00a0\u00bb collapsed=\u00a0\u00bbon\u00a0\u00bb global_colors_info=\u00a0\u00bb{}\u00a0\u00bb][et_pb_row _builder_version=\u00a0\u00bb4.22.1&Prime; _module_preset=\u00a0\u00bbdefault\u00a0\u00bb custom_padding=\u00a0\u00bb||||false|false\u00a0\u00bb locked=\u00a0\u00bboff\u00a0\u00bb global_colors_info=\u00a0\u00bb{}\u00a0\u00bb][et_pb_column type=\u00a0\u00bb4_4&Prime; _builder_version=\u00a0\u00bb4.19.1&Prime; _module_preset=\u00a0\u00bbdefault\u00a0\u00bb global_colors_info=\u00a0\u00bb{}\u00a0\u00bb][et_pb_text _builder_version=\u00a0\u00bb4.27.4&Prime; _module_preset=\u00a0\u00bb_initial\u00a0\u00bb header_font=\u00a0\u00bbPoppins|300|||||||\u00a0\u00bb header_text_color=\u00a0\u00bb#124f9d\u00a0\u00bb header_font_size=\u00a0\u00bb81px\u00a0\u00bb header_line_height=\u00a0\u00bb1.2em\u00a0\u00bb header_4_font=\u00a0\u00bbSource Sans Pro|600|||||||\u00a0\u00bb header_4_font_size=\u00a0\u00bb14px\u00a0\u00bb custom_margin=\u00a0\u00bb||10px||false|false\u00a0\u00bb header_font_size_tablet=\u00a0\u00bb40px\u00a0\u00bb header_font_size_phone=\u00a0\u00bb50px\u00a0\u00bb header_font_size_last_edited=\u00a0\u00bbon|phone\u00a0\u00bb global_colors_info=\u00a0\u00bb{}\u00a0\u00bb]<\/p>\n<h1>Avis l\u00e9gal<\/h1>\n<p>[\/et_pb_text][\/et_pb_column][\/et_pb_row][\/et_pb_section][et_pb_section fb_built=\u00a0\u00bb1&Prime; _builder_version=\u00a0\u00bb4.27.4&Prime; _module_preset=\u00a0\u00bbdefault\u00a0\u00bb background_enable_color=\u00a0\u00bboff\u00a0\u00bb custom_padding=\u00a0\u00bb50px||101px||false|false\u00a0\u00bb background_last_edited=\u00a0\u00bbon|phone\u00a0\u00bb background_enable_color_phone=\u00a0\u00bboff\u00a0\u00bb use_background_color_gradient_phone=\u00a0\u00bbon\u00a0\u00bb background_color_gradient_direction_phone=\u00a0\u00bb180deg\u00a0\u00bb background_color_gradient_stops_phone=\u00a0\u00bb#ffffff 0%|#efefef 100%\u00a0\u00bb border_radii=\u00a0\u00bboff|150px||150px|\u00a0\u00bb global_colors_info=\u00a0\u00bb{}\u00a0\u00bb][et_pb_row _builder_version=\u00a0\u00bb4.27.4&Prime; _module_preset=\u00a0\u00bbdefault\u00a0\u00bb global_colors_info=\u00a0\u00bb{}\u00a0\u00bb][et_pb_column type=\u00a0\u00bb4_4&Prime; _builder_version=\u00a0\u00bb4.27.4&Prime; _module_preset=\u00a0\u00bbdefault\u00a0\u00bb global_colors_info=\u00a0\u00bb{}\u00a0\u00bb][et_pb_text _builder_version=\u00a0\u00bb4.27.4&Prime; _module_preset=\u00a0\u00bbdefault\u00a0\u00bb hover_enabled=\u00a0\u00bb0&Prime; global_colors_info=\u00a0\u00bb{}\u00a0\u00bb sticky_enabled=\u00a0\u00bb0&Prime;]<\/p>\n<h2>Conditions g\u00e9n\u00e9rales d\u2019utilisation du portail www.icatmar.cat<\/h2>\n<p>&nbsp;<\/p>\n<p>L\u2019Institut Catal\u00e0 de Recerca per a la Governan\u00e7a del Mar (ICATMAR) vous informe que l\u2019acc\u00e8s et l\u2019utilisation du site web www.icatmar.cat, ainsi que de tous ses sous-domaines et r\u00e9pertoires (ci-apr\u00e8s d\u00e9nomm\u00e9s conjointement le \u00ab Portail \u00bb), sont soumis aux termes d\u00e9taill\u00e9s dans le pr\u00e9sent Avis L\u00e9gal, sans pr\u00e9judice du fait que l\u2019acc\u00e8s \u00e0 certains de ces services ou contenus puisse n\u00e9cessiter l\u2019acceptation de Conditions G\u00e9n\u00e9rales suppl\u00e9mentaires.<\/p>\n<p>ICATMAR se r\u00e9serve le droit d\u2019effectuer des modifications sur le Portail sans pr\u00e9avis, afin de mettre \u00e0 jour, corriger, modifier, ajouter ou supprimer des contenus ou le design. \u00c9tant donn\u00e9 que la mise \u00e0 jour des informations n\u2019est pas imm\u00e9diate, nous vous sugg\u00e9rons de toujours v\u00e9rifier la validit\u00e9 et l\u2019exactitude des informations, services et contenus pr\u00e9sent\u00e9s. De m\u00eame, les conditions et termes recueillis dans le pr\u00e9sent Avis peuvent varier, c\u2019est pourquoi nous vous invitons \u00e0 les consulter \u00e0 nouveau lors de votre prochaine visite sur le Portail.  <\/p>\n<p>L&rsquo;ICATMAR ne saurait \u00eatre tenu responsable des dommages et pr\u00e9judices pouvant r\u00e9sulter de l\u2019utilisation des outils et informations contenus sur www.icatmar.cat en relation avec l\u2019adoption de d\u00e9cisions concernant le d\u00e9but, le d\u00e9veloppement ou le r\u00e9sultat de proc\u00e9dures administratives. Ces d\u00e9cisions doivent \u00eatre v\u00e9rifi\u00e9es aupr\u00e8s des centres, organismes ou services comp\u00e9tents. En tout \u00e9tat de cause, les informations et contenus de ce site web ne pourront \u00eatre invoqu\u00e9s dans des proc\u00e9dures contradictoires avec l\u2019Administration Publique, et l\u2019ICATMAR ne saurait \u00eatre tenu responsable des divergences pouvant exister entre les documents imprim\u00e9s de l\u2019Administration comp\u00e9tente et la publication \u00e9lectronique sur ces pages.  <\/p>\n<p>&nbsp;<\/p>\n<h2>Droits de propri\u00e9t\u00e9 intellectuelle et industrielle<\/h2>\n<p>&nbsp;<\/p>\n<p>Le design du Portail, ses codes source, ainsi que les logos, marques et autres signes distinctifs qui y apparaissent, appartiennent \u00e0 l\u2019ICATMAR ou \u00e0 des entit\u00e9s collaboratrices et sont prot\u00e9g\u00e9s par les droits de propri\u00e9t\u00e9 intellectuelle et industrielle correspondants.<\/p>\n<p>Les informations disponibles sur ce site web, sauf indication expresse contraire, peuvent \u00eatre r\u00e9utilis\u00e9es ; leur reproduction totale ou partielle, modification, distribution et communication, \u00e0 des fins commerciales et non commerciales, est autoris\u00e9e sous r\u00e9serve des conditions suivantes :<\/p>\n<p>Il est interdit, en toute circonstance, de d\u00e9naturer le contenu de l\u2019information.<br \/>L\u2019utilisateur est tenu de citer la source des documents faisant l\u2019objet de la r\u00e9utilisation.<br \/>L\u2019utilisateur est tenu de mentionner la date de la derni\u00e8re mise \u00e0 jour des documents faisant l\u2019objet de la r\u00e9utilisation.<br \/>L&rsquo;ICATMAR d\u00e9clare respecter les droits de propri\u00e9t\u00e9 intellectuelle et industrielle de tiers ; si vous estimez que ce site pourrait violer vos droits, nous vous prions de bien vouloir contacter l&rsquo;ICATMAR \u00e0 l\u2019adresse indiqu\u00e9e dans la section Vie priv\u00e9e.<\/p>\n<p>&nbsp;<\/p>\n<h2>Liens ou hyperliens<\/h2>\n<p>&nbsp;<\/p>\n<p>Les utilisateurs souhaitant \u00e9tablir un hyperlien entre leur site web et celui de l\u2019ICATMAR devront prendre en compte les points suivants :<\/p>\n<p>L\u2019\u00e9tablissement de l\u2019hyperlien n\u2019implique en aucun cas l\u2019existence de relations entre l\u2019ICATMAR et le propri\u00e9taire du site web, ni l\u2019acceptation ou l\u2019approbation par l\u2019ICATMAR de ses contenus ou services. Il ne pourra donc \u00eatre d\u00e9clar\u00e9 ou laiss\u00e9 entendre que l\u2019ICATMAR a express\u00e9ment autoris\u00e9 l\u2019hyperlien, ni qu\u2019il a supervis\u00e9 ou assum\u00e9 les contenus et services offerts ou mis \u00e0 disposition sur ledit site web.<br \/>L&rsquo;ICATMAR ne saurait \u00eatre tenu responsable, ni garantir la qualit\u00e9, l\u2019exactitude, la fiabilit\u00e9, la correction ou la moralit\u00e9 des contenus ou services que l\u2019\u00e9tablissement de l\u2019hyperlien pourrait offrir. L\u2019utilisateur assume sous sa seule responsabilit\u00e9 les cons\u00e9quences, dommages ou actions pouvant d\u00e9couler de l\u2019acc\u00e8s au site web de l\u2019hyperlien.  <br \/>Le site web sur lequel est \u00e9tabli l\u2019hyperlien ne pourra contenir aucune marque, d\u00e9nomination, logo, slogan ou autre signe distinctif appartenant \u00e0 l\u2019ICATMAR, sauf ceux faisant partie de l\u2019hyperlien lui-m\u00eame.<br \/>Le site web sur lequel est \u00e9tabli l\u2019hyperlien ne contiendra pas d\u2019informations \u00e0 contenu illicite, contraire \u00e0 la morale et aux bonnes m\u0153urs g\u00e9n\u00e9ralement accept\u00e9es, \u00e0 l\u2019ordre public, ni de contenus portant atteinte aux droits de tiers.<\/p>\n<p>&nbsp;<\/p>\n<p>&nbsp;<\/p>\n<h2>Frames<\/h2>\n<p>ICATMAR interdit express\u00e9ment la r\u00e9alisation de \u00ab framings \u00bb ou l\u2019utilisation par des tiers de tout autre m\u00e9canisme alt\u00e9rant le design, la configuration originale ou les contenus de son Portail.<\/p>\n<p>&nbsp;<\/p>\n<h2>Vie priv\u00e9e<\/h2>\n<p>&nbsp;<\/p>\n<p>Conform\u00e9ment \u00e0 la Loi Organique 3\/2018, du 5 d\u00e9cembre, sur la Protection des Donn\u00e9es Personnelles et la garantie des droits num\u00e9riques (LOPDGDD), au R\u00e8glement G\u00e9n\u00e9ral sur la Protection des Donn\u00e9es (RGPD) et \u00e0 la l\u00e9gislation concordante, l&rsquo;ICATMAR s\u2019engage \u00e0 respecter l\u2019obligation de secret concernant les donn\u00e9es \u00e0 caract\u00e8re personnel et le devoir de les traiter de mani\u00e8re confidentielle apr\u00e8s la r\u00e9alisation des analyses de risques correspondantes, en particulier conform\u00e9ment \u00e0 la Disposition additionnelle premi\u00e8re de la LOPDGDD, les mesures de s\u00e9curit\u00e9 pr\u00e9vues par le Sch\u00e9ma National de S\u00e9curit\u00e9 n\u00e9cessaires pour \u00e9viter leur alt\u00e9ration, perte, traitement ou acc\u00e8s non autoris\u00e9.<\/p>\n<p>L\u2019utilisateur pourra exercer \u00e0 tout moment les droits d\u2019acc\u00e8s, de rectification, de suppression, d\u2019opposition, de limitation ou de portabilit\u00e9 en s\u2019adressant par \u00e9crit au Secr\u00e9tariat de l\u2019ICATMAR \u00e0 l\u2019adresse Passeig Mar\u00edtim de la Barceloneta, 37-49 (08003 Barcelone, Catalogne, Espagne) ou Carrer Doctor Roux 80 (08017 Barcelone, Catalogne, Espagne), en joignant une photocopie de sa pi\u00e8ce d\u2019identit\u00e9.<\/p>\n<p>ICATMAR se r\u00e9serve le droit de modifier la pr\u00e9sente Politique de Vie Priv\u00e9e afin de l\u2019adapter aux nouveaut\u00e9s l\u00e9gislatives, jurisprudentielles ou d\u2019interpr\u00e9tation de l\u2019Agence Espagnole de Protection des Donn\u00e9es. Dans ce cas, ICATMAR annoncera ces changements, en indiquant clairement et avec un pr\u00e9avis suffisant les modifications effectu\u00e9es, et en sollicitant, le cas \u00e9ch\u00e9ant, leur acceptation. <\/p>\n<p>&nbsp;<\/p>\n<h2>Loi applicable et juridiction<\/h2>\n<p>&nbsp;<\/p>\n<p>La loi applicable en cas de litige ou de conflit d\u2019interpr\u00e9tation des termes constituant le pr\u00e9sent Avis L\u00e9gal, ainsi que toute question li\u00e9e aux services du pr\u00e9sent Portail, sera la loi espagnole.<\/p>\n<p>Pour la r\u00e9solution de tout conflit pouvant survenir \u00e0 l\u2019occasion de la visite du Portail ou de l\u2019utilisation des services qui y sont propos\u00e9s, l\u2019ICATMAR et l\u2019Utilisateur conviennent de se soumettre aux juges et tribunaux du domicile de l\u2019Utilisateur, \u00e0 condition que celui-ci soit situ\u00e9 sur le territoire espagnol.<\/p>\n<p>[\/et_pb_text][\/et_pb_column][\/et_pb_row][\/et_pb_section]<\/p>\n","protected":false},"excerpt":{"rendered":"<p>Avis l\u00e9galConditions g\u00e9n\u00e9rales d\u2019utilisation du portail www.icatmar.cat &nbsp; L\u2019Institut Catal\u00e0 de Recerca per a la Governan\u00e7a del Mar (ICATMAR) vous informe que l\u2019acc\u00e8s et l\u2019utilisation du site web www.icatmar.cat, ainsi que de tous ses sous-domaines et r\u00e9pertoires (ci-apr\u00e8s d\u00e9nomm\u00e9s conjointement le \u00ab Portail \u00bb), sont soumis aux termes d\u00e9taill\u00e9s dans le pr\u00e9sent Avis L\u00e9gal, sans [&hellip;]<\/p>\n","protected":false},"author":1,"featured_media":0,"parent":0,"menu_order":0,"comment_status":"closed","ping_status":"closed","template":"","meta":{"_et_pb_use_builder":"on","_et_pb_old_content":"","_et_gb_content_width":"","footnotes":""},"class_list":["post-833","page","type-page","status-publish","hentry"],"_links":{"self":[{"href":"https:\/\/opale.icatmar.cat\/fr\/wp-json\/wp\/v2\/pages\/833","targetHints":{"allow":["GET"]}}],"collection":[{"href":"https:\/\/opale.icatmar.cat\/fr\/wp-json\/wp\/v2\/pages"}],"about":[{"href":"https:\/\/opale.icatmar.cat\/fr\/wp-json\/wp\/v2\/types\/page"}],"author":[{"embeddable":true,"href":"https:\/\/opale.icatmar.cat\/fr\/wp-json\/wp\/v2\/users\/1"}],"replies":[{"embeddable":true,"href":"https:\/\/opale.icatmar.cat\/fr\/wp-json\/wp\/v2\/comments?post=833"}],"version-history":[{"count":2,"href":"https:\/\/opale.icatmar.cat\/fr\/wp-json\/wp\/v2\/pages\/833\/revisions"}],"predecessor-version":[{"id":835,"href":"https:\/\/opale.icatmar.cat\/fr\/wp-json\/wp\/v2\/pages\/833\/revisions\/835"}],"wp:attachment":[{"href":"https:\/\/opale.icatmar.cat\/fr\/wp-json\/wp\/v2\/media?parent=833"}],"curies":[{"name":"wp","href":"https:\/\/api.w.org\/{rel}","templated":true}]}}